{"id":20,"date":"2022-02-16T10:53:10","date_gmt":"2022-02-16T10:53:10","guid":{"rendered":"https:\/\/gt-medical.com\/tienda\/GTM\/CMS\/?page_id=20"},"modified":"2025-03-18T07:13:18","modified_gmt":"2025-03-18T07:13:18","slug":"politica-de-privacidad-redes-sociales-es","status":"publish","type":"page","link":"https:\/\/gt-medical.com\/tienda\/GTM\/CMS\/politica-de-privacidad-redes-sociales-es\/","title":{"rendered":"Pol\u00edtica de Privacidad  Redes Sociales"},"content":{"rendered":"\n<div style=\"height:68px\" aria-hidden=\"true\" class=\"wp-block-spacer\"><\/div>\n\n\n\n<p class=\"has-small-font-size\">De conformidad con lo establecido en la normativa vigente y aplicable de protecci\u00f3n de datos de car\u00e1cter personal y la Ley 34\/2002, de 11 de julio, de Servicios de la Sociedad de la Informaci\u00f3n y de Comercio Electr\u00f3nico (LSSI-CE), GT-MEDICAL SL informa a los usuarios, que ha procedido a crear un perfil en las Redes Sociales Facebook, Twitter, Instagram, Pinterest, Linkedin y YouTube, con la finalidad principal de publicitar sus productos y servicios.<\/p>\n\n\n\n<p class=\"has-small-font-size\">Datos de GT-MEDICAL SL:<br>NIF.: B83143602<br>Direcci\u00f3n: CAMINO DE HORMIGUERAS, 122 BIS. 3\u00aa PLANTA. NAVES P1 Y P2. 28031 MADRID.<br>Correo electr\u00f3nico: info@gt-medical.com<br>Dominio:<a href=\"http:\/\/www.gt-medical.com\/\"> www.gt-medical.com<\/a><\/p>\n\n\n\n<p class=\"has-small-font-size\">El usuario dispone de un perfil en la misma Red Social y ha decidido unirse a la p\u00e1gina creada por GT-MEDICAL SL, mostrando as\u00ed inter\u00e9s en la informaci\u00f3n que se publicite en la Red. Al unirse a nuestra p\u00e1gina, nos facilita su consentimiento para el tratamiento de aquellos datos personales publicados en su perfil.<\/p>\n\n\n\n<p class=\"has-small-font-size\">El usuario puede acceder en todo momento a las pol\u00edticas de privacidad de la propia Red Social, as\u00ed como configurar su perfil para garantizar su privacidad.<\/p>\n\n\n\n<p class=\"has-small-font-size\">GT-MEDICAL SL tiene acceso y trata aquella informaci\u00f3n p\u00fablica del usuario, en especial, su nombre de contacto. Estos datos, s\u00f3lo son utilizados dentro de la propia Red Social. No son incorporados a ning\u00fan sistema de tratamiento.<\/p>\n\n\n\n<div style=\"height:64px\" aria-hidden=\"true\" class=\"wp-block-spacer\"><\/div>\n\n\n\n<h4 class=\"wp-block-heading has-medium-font-size\" id=\"derechos-de-los-interesados\">DERECHOS DE LOS INTERESADOS<\/h4>\n\n\n\n<p class=\"has-small-font-size\">En relaci\u00f3n a los derechos de acceso, rectificaci\u00f3n, limitaci\u00f3n de tratamiento, supresi\u00f3n, portabilidad y oposici\u00f3n al tratamiento de sus datos de car\u00e1cter personal, de los que usted dispone y que pueden ser ejercitados ante GT-MEDICAL SL, de acuerdo con el RGPD, debe tener en cuenta los siguientes matices:<\/p>\n\n\n\n<ul class=\"wp-block-list\">\n<li><strong>Derecho de Acceso<\/strong><br>Es el derecho del usuario a obtener informaci\u00f3n sobre sus datos concretos de car\u00e1cter personal y del tratamiento que se haya realizado o realice, as\u00ed como de la informaci\u00f3n disponible sobre el origen de dichos datos y las comunicaciones realizadas o previstas de los mismos.<\/li>\n\n\n\n<li><strong>Derecho de Rectificaci\u00f3n<\/strong><br>Es el derecho del afectado a que se modifiquen los datos que resulten ser inexactos o incompletos. S\u00f3lo podr\u00e1 satisfacerse en relaci\u00f3n a aquella informaci\u00f3n que se encuentre bajo el control de GT-MEDICAL SL, por ejemplo, eliminar comentarios publicados en la propia p\u00e1gina, im\u00e1genes o contenidos web donde consten datos de car\u00e1cter personal del usuario.<\/li>\n\n\n\n<li><strong>Derecho a la Limitaci\u00f3n de tratamiento<\/strong><br>Es el derecho a que se limiten los fines del tratamiento previstos de forma original por el responsable del tratamiento.<\/li>\n\n\n\n<li><strong>Derecho de Supresi\u00f3n<\/strong><br>Es el derecho a suprimir los datos de car\u00e1cter personal del usuario, a excepci\u00f3n de lo previsto en el propio RGPD o en otras normativas aplicables que determinen la obligatoriedad de la conservaci\u00f3n de los mismos, en tiempo y forma.<\/li>\n\n\n\n<li><strong>Derecho de portabilidad<\/strong><br>El derecho a recibir los datos personales que el usuario, haya facilitado, en un formato estructurado, de uso com\u00fan y lectura mec\u00e1nica, y a transmitirlos a otro responsable.<\/li>\n\n\n\n<li><strong>Derecho de Oposici\u00f3n<\/strong><br>Es el derecho del usuario a que no se lleve a cabo el tratamiento de sus datos de car\u00e1cter personal o se cese el tratamiento de los mismos por parte de GT-MEDICAL SL.<\/li>\n<\/ul>\n\n\n\n<p class=\"has-small-font-size\"><strong>GT-MEDICAL SL<\/strong> realizar\u00e1 las siguientes actuaciones:<\/p>\n\n\n\n<ul class=\"wp-block-list\">\n<li>Acceso a la informaci\u00f3n p\u00fablica del perfil.<\/li>\n\n\n\n<li>Publicaci\u00f3n en el perfil del usuario de toda aquella informaci\u00f3n ya publicada en la p\u00e1gina de GT-MEDICAL SL.<\/li>\n\n\n\n<li>Enviar mensajes personales e individuales a trav\u00e9s de los canales de la Red Social.<\/li>\n\n\n\n<li>Actualizaciones del estado de la p\u00e1gina que se publicar\u00e1n en el perfil del usuario.<\/li>\n<\/ul>\n\n\n\n<p class=\"has-small-font-size\">El usuario siempre puede controlar sus conexiones, eliminar los contenidos que dejen de interesarle y restringir con qui\u00e9n comparte sus conexiones, para ello deber\u00e1 acceder a su configuraci\u00f3n de privacidad.<\/p>\n\n\n\n<div style=\"height:58px\" aria-hidden=\"true\" class=\"wp-block-spacer\"><\/div>\n\n\n\n<h4 class=\"wp-block-heading has-medium-font-size\" id=\"publicaciones\">PUBLICACIONES<\/h4>\n\n\n\n<p class=\"has-small-font-size\">El usuario, una vez unido a la p\u00e1gina de GT-MEDICAL SL, podr\u00e1 publicar en \u00e9sta \u00faltima comentarios, enlaces, im\u00e1genes o fotograf\u00edas o cualquier otro tipo de contenido multimedia soportado por la Red Social. El usuario, en todos los casos, debe ser el titular de los mismos, gozar de los derechos de autor y de propiedad intelectual o contar con el consentimiento de los terceros afectados. Se proh\u00edbe expresamente cualquier publicaci\u00f3n en la p\u00e1gina, ya sean textos, gr\u00e1ficos, fotograf\u00edas, v\u00eddeos, etc. que atenten o sean susceptibles de atentar contra la moral, la \u00e9tica, el buen gusto o el decoro, y\/o que infrinjan, violen o quebranten los derechos de propiedad intelectual o industrial, el derecho a la imagen o la Ley. En estos casos, GT-MEDICAL SL se reserva el derecho a retirar de inmediato el contenido, pudiendo solicitar el bloqueo permanente del usuario.<br>GT-MEDICAL SL no se har\u00e1 responsable de los contenidos que libremente ha publicado un usuario.<br>El usuario debe tener presente que sus publicaciones ser\u00e1n conocidas por los otros usuarios, por lo que \u00e9l mismo es el principal responsable de su privacidad.<br>Las im\u00e1genes que puedan publicarse en la p\u00e1gina no ser\u00e1n almacenadas en ning\u00fan sistema de tratamiento por parte de GT-MEDICAL SL, pero s\u00ed que permanecer\u00e1n en la Red Social.<\/p>\n\n\n\n<div style=\"height:64px\" aria-hidden=\"true\" class=\"wp-block-spacer\"><\/div>\n\n\n\n<h4 class=\"wp-block-heading has-medium-font-size\" id=\"concursos-y-promociones\">CONCURSOS Y PROMOCIONES<\/h4>\n\n\n\n<p class=\"has-small-font-size\">GT-MEDICAL SL se reserva el derecho a realizar concursos y promociones, en los que podr\u00e1 participar el usuario unido a su p\u00e1gina. Las bases de cada uno de ellos, cuando se utilice para ello la plataforma de la Red Social, ser\u00e1n publicadas en la misma. Cumpliendo siempre con la LSSI-CE y con cualquier otra norma que le sea de aplicaci\u00f3n.<br>La Red Social no patrocina, avala ni administra, de modo alguno, ninguna de nuestras promociones, ni est\u00e1 asociada a ninguna de ellas.<\/p>\n\n\n\n<div style=\"height:55px\" aria-hidden=\"true\" class=\"wp-block-spacer\"><\/div>\n\n\n\n<h4 class=\"wp-block-heading has-medium-font-size\" id=\"publicidad\">PUBLICIDAD<\/h4>\n\n\n\n<p class=\"has-small-font-size\">GT-MEDICAL SL utilizar\u00e1 la Red Social para publicitar sus productos y servicios, en todo caso, si decide tratar sus datos de contacto para realizar acciones directas de prospecci\u00f3n comercial, ser\u00e1 siempre, cumpliendo con las exigencias legales del RGPD y de la LSSI-CE.<br>No se considerar\u00e1 publicidad el hecho de recomendar a otros usuarios la p\u00e1gina de GT-MEDICAL SL para que tambi\u00e9n ellos puedan disfrutar de las promociones o estar informados de su actividad.<br>A continuaci\u00f3n detallamos el enlace a la pol\u00edtica de privacidad de la Red Social:<br><a href=\"https:\/\/www.facebook.com\/help\/323540651073243\/\" target=\"_blank\" rel=\"noreferrer noopener\">Facebook;<\/a><br><a href=\"https:\/\/twitter.com\/privacy\" target=\"_blank\" rel=\"noreferrer noopener\">Twitter<\/a>;<br><a href=\"http:\/\/es.about.pinterest.com\/terms\/\" target=\"_blank\" rel=\"noreferrer noopener\">Pinterest<\/a>;<br><a href=\"http:\/\/www.linkedin.com\/legal\/privacy-policy?trk=hb_ft_priv\" target=\"_blank\" rel=\"noreferrer noopener\">Linkedin<\/a>;<br><a href=\"https:\/\/help.instagram.com\/519522125107875\" target=\"_blank\" rel=\"noreferrer noopener\">Instagram;<\/a><br><a href=\"https:\/\/www.youtube.com\/intl\/es\/about\/policies\/#community-guidelines\" target=\"_blank\" rel=\"noreferrer noopener\">YouTube.<\/a><\/p>\n","protected":false},"excerpt":{"rendered":"<p>De conformidad con lo establecido en la normativa vigente y aplicable de protecci\u00f3n de datos de car\u00e1cter personal y la Ley 34\/2002, de 11 de julio, de Servicios de la Sociedad de la Informaci\u00f3n y de Comercio Electr\u00f3nico (LSSI-CE), GT-MEDICAL SL informa a los usuarios, que ha procedido a crear un perfil en las Redes &#8230; <a class=\"more-link\" href=\"https:\/\/gt-medical.com\/tienda\/GTM\/CMS\/politica-de-privacidad-redes-sociales-es\/\">Continue reading<\/a><\/p>\n","protected":false},"author":1,"featured_media":0,"parent":0,"menu_order":0,"comment_status":"closed","ping_status":"closed","template":"template-blank-page.php","meta":{"footnotes":""},"class_list":["post-20","page","type-page","status-publish","hentry"],"yoast_head":"<!-- This site is optimized with the Yoast SEO plugin v18.1 - https:\/\/yoast.com\/wordpress\/plugins\/seo\/ -->\n<title>Pol\u00edtica de Privacidad Redes Sociales - Corporativo<\/title>\n<meta name=\"robots\" content=\"noindex, follow, max-snippet:-1, max-image-preview:large, max-video-preview:-1\" \/>\n<meta property=\"og:locale\" content=\"es_ES\" \/>\n<meta property=\"og:type\" content=\"article\" \/>\n<meta property=\"og:title\" content=\"Pol\u00edtica de Privacidad Redes Sociales - Corporativo\" \/>\n<meta property=\"og:description\" content=\"De conformidad con lo establecido en la normativa vigente y aplicable de protecci\u00f3n de datos de car\u00e1cter personal y la Ley 34\/2002, de 11 de julio, de Servicios de la Sociedad de la Informaci\u00f3n y de Comercio Electr\u00f3nico (LSSI-CE), GT-MEDICAL SL informa a los usuarios, que ha procedido a crear un perfil en las Redes [&hellip;]\" \/>\n<meta property=\"og:url\" content=\"https:\/\/gt-medical.com\/tienda\/GTM\/CMS\/politica-de-privacidad-redes-sociales-es\/\" \/>\n<meta property=\"og:site_name\" content=\"Corporativo\" \/>\n<meta property=\"article:modified_time\" content=\"2025-03-18T07:13:18+00:00\" \/>\n<meta name=\"twitter:card\" content=\"summary_large_image\" \/>\n<meta name=\"twitter:label1\" content=\"Tiempo de lectura\" \/>\n\t<meta name=\"twitter:data1\" content=\"5 minutos\" \/>\n<script type=\"application\/ld+json\" class=\"yoast-schema-graph\">{\"@context\":\"https:\/\/schema.org\",\"@graph\":[{\"@type\":\"WebSite\",\"@id\":\"https:\/\/gt-medical.com\/tienda\/GTM\/CMS\/#website\",\"url\":\"https:\/\/gt-medical.com\/tienda\/GTM\/CMS\/\",\"name\":\"Corporativo\",\"description\":\"Implant &amp; Cad-Cam. Aditamentos Compatibles de alta calidad.\",\"potentialAction\":[{\"@type\":\"SearchAction\",\"target\":{\"@type\":\"EntryPoint\",\"urlTemplate\":\"https:\/\/gt-medical.com\/tienda\/GTM\/CMS\/?s={search_term_string}\"},\"query-input\":\"required name=search_term_string\"}],\"inLanguage\":\"es\"},{\"@type\":\"WebPage\",\"@id\":\"https:\/\/gt-medical.com\/tienda\/GTM\/CMS\/politica-de-privacidad-redes-sociales-es\/#webpage\",\"url\":\"https:\/\/gt-medical.com\/tienda\/GTM\/CMS\/politica-de-privacidad-redes-sociales-es\/\",\"name\":\"Pol\u00edtica de Privacidad Redes Sociales - Corporativo\",\"isPartOf\":{\"@id\":\"https:\/\/gt-medical.com\/tienda\/GTM\/CMS\/#website\"},\"datePublished\":\"2022-02-16T10:53:10+00:00\",\"dateModified\":\"2025-03-18T07:13:18+00:00\",\"breadcrumb\":{\"@id\":\"https:\/\/gt-medical.com\/tienda\/GTM\/CMS\/politica-de-privacidad-redes-sociales-es\/#breadcrumb\"},\"inLanguage\":\"es\",\"potentialAction\":[{\"@type\":\"ReadAction\",\"target\":[\"https:\/\/gt-medical.com\/tienda\/GTM\/CMS\/politica-de-privacidad-redes-sociales-es\/\"]}]},{\"@type\":\"BreadcrumbList\",\"@id\":\"https:\/\/gt-medical.com\/tienda\/GTM\/CMS\/politica-de-privacidad-redes-sociales-es\/#breadcrumb\",\"itemListElement\":[{\"@type\":\"ListItem\",\"position\":1,\"name\":\"Portada\",\"item\":\"https:\/\/gt-medical.com\/tienda\/GTM\/CMS\/\"},{\"@type\":\"ListItem\",\"position\":2,\"name\":\"Pol\u00edtica de Privacidad Redes Sociales\"}]}]}<\/script>\n<!-- \/ Yoast SEO plugin. -->","yoast_head_json":{"title":"Pol\u00edtica de Privacidad Redes Sociales - Corporativo","robots":{"index":"noindex","follow":"follow","max-snippet":"max-snippet:-1","max-image-preview":"max-image-preview:large","max-video-preview":"max-video-preview:-1"},"og_locale":"es_ES","og_type":"article","og_title":"Pol\u00edtica de Privacidad Redes Sociales - Corporativo","og_description":"De conformidad con lo establecido en la normativa vigente y aplicable de protecci\u00f3n de datos de car\u00e1cter personal y la Ley 34\/2002, de 11 de julio, de Servicios de la Sociedad de la Informaci\u00f3n y de Comercio Electr\u00f3nico (LSSI-CE), GT-MEDICAL SL informa a los usuarios, que ha procedido a crear un perfil en las Redes [&hellip;]","og_url":"https:\/\/gt-medical.com\/tienda\/GTM\/CMS\/politica-de-privacidad-redes-sociales-es\/","og_site_name":"Corporativo","article_modified_time":"2025-03-18T07:13:18+00:00","twitter_card":"summary_large_image","twitter_misc":{"Tiempo de lectura":"5 minutos"},"schema":{"@context":"https:\/\/schema.org","@graph":[{"@type":"WebSite","@id":"https:\/\/gt-medical.com\/tienda\/GTM\/CMS\/#website","url":"https:\/\/gt-medical.com\/tienda\/GTM\/CMS\/","name":"Corporativo","description":"Implant &amp; Cad-Cam. Aditamentos Compatibles de alta calidad.","potentialAction":[{"@type":"SearchAction","target":{"@type":"EntryPoint","urlTemplate":"https:\/\/gt-medical.com\/tienda\/GTM\/CMS\/?s={search_term_string}"},"query-input":"required name=search_term_string"}],"inLanguage":"es"},{"@type":"WebPage","@id":"https:\/\/gt-medical.com\/tienda\/GTM\/CMS\/politica-de-privacidad-redes-sociales-es\/#webpage","url":"https:\/\/gt-medical.com\/tienda\/GTM\/CMS\/politica-de-privacidad-redes-sociales-es\/","name":"Pol\u00edtica de Privacidad Redes Sociales - Corporativo","isPartOf":{"@id":"https:\/\/gt-medical.com\/tienda\/GTM\/CMS\/#website"},"datePublished":"2022-02-16T10:53:10+00:00","dateModified":"2025-03-18T07:13:18+00:00","breadcrumb":{"@id":"https:\/\/gt-medical.com\/tienda\/GTM\/CMS\/politica-de-privacidad-redes-sociales-es\/#breadcrumb"},"inLanguage":"es","potentialAction":[{"@type":"ReadAction","target":["https:\/\/gt-medical.com\/tienda\/GTM\/CMS\/politica-de-privacidad-redes-sociales-es\/"]}]},{"@type":"BreadcrumbList","@id":"https:\/\/gt-medical.com\/tienda\/GTM\/CMS\/politica-de-privacidad-redes-sociales-es\/#breadcrumb","itemListElement":[{"@type":"ListItem","position":1,"name":"Portada","item":"https:\/\/gt-medical.com\/tienda\/GTM\/CMS\/"},{"@type":"ListItem","position":2,"name":"Pol\u00edtica de Privacidad Redes Sociales"}]}]}},"_links":{"self":[{"href":"https:\/\/gt-medical.com\/tienda\/GTM\/CMS\/wp-json\/wp\/v2\/pages\/20","targetHints":{"allow":["GET"]}}],"collection":[{"href":"https:\/\/gt-medical.com\/tienda\/GTM\/CMS\/wp-json\/wp\/v2\/pages"}],"about":[{"href":"https:\/\/gt-medical.com\/tienda\/GTM\/CMS\/wp-json\/wp\/v2\/types\/page"}],"author":[{"embeddable":true,"href":"https:\/\/gt-medical.com\/tienda\/GTM\/CMS\/wp-json\/wp\/v2\/users\/1"}],"replies":[{"embeddable":true,"href":"https:\/\/gt-medical.com\/tienda\/GTM\/CMS\/wp-json\/wp\/v2\/comments?post=20"}],"version-history":[{"count":7,"href":"https:\/\/gt-medical.com\/tienda\/GTM\/CMS\/wp-json\/wp\/v2\/pages\/20\/revisions"}],"predecessor-version":[{"id":1152,"href":"https:\/\/gt-medical.com\/tienda\/GTM\/CMS\/wp-json\/wp\/v2\/pages\/20\/revisions\/1152"}],"wp:attachment":[{"href":"https:\/\/gt-medical.com\/tienda\/GTM\/CMS\/wp-json\/wp\/v2\/media?parent=20"}],"curies":[{"name":"wp","href":"https:\/\/api.w.org\/{rel}","templated":true}]}}