{"id":2,"date":"2022-02-15T12:02:14","date_gmt":"2022-02-15T12:02:14","guid":{"rendered":"https:\/\/gt-medical.com\/tienda\/GTM\/CMS\/?page_id=2"},"modified":"2025-03-18T07:03:48","modified_gmt":"2025-03-18T07:03:48","slug":"aviso-legal-es","status":"publish","type":"page","link":"https:\/\/gt-medical.com\/tienda\/GTM\/CMS\/aviso-legal-es\/","title":{"rendered":"Aviso Legal"},"content":{"rendered":"\n<div style=\"height:71px\" aria-hidden=\"true\" class=\"wp-block-spacer\"><\/div>\n\n\n\n<h3 class=\"wp-block-heading has-normal-font-size\"><\/h3>\n\n\n\n<p class=\"has-small-font-size\">En cumplimiento de la Ley 34\/2002, de 11 de julio, de Servicios de la Sociedad de la Informaci\u00f3n y de Comercio Electr\u00f3nico (LSSI-CE), GT-MEDICAL SL informa que es titular del sitio web. De acuerdo con la exigencia del art\u00edculo 10 de la citada Ley, GT-MEDICAL SL informa de los siguientes datos:<\/p>\n\n\n\n<ul class=\"wp-block-list\">\n<li>Raz\u00f3n social:&nbsp;GT-MEDICAL SL;<\/li>\n\n\n\n<li>NIF.:&nbsp;B83143602;<\/li>\n\n\n\n<li>Direcci\u00f3n Postal:&nbsp;CAMINO DE HORMIGUERAS, 122 BIS. 3\u00aa PLANTA. NAVES P1 Y P2. 28031 MADRID;<\/li>\n\n\n\n<li>Direcci\u00f3n Electr\u00f3nica:\u00a0<a href=\"mailto:info@gt-medical.com\" data-type=\"mailto\" data-id=\"mailto:info@gt-medical.com\">info@gt-medical.com<\/a>;<\/li>\n\n\n\n<li>Tel\u00e9fono:&nbsp;+34913806575;<\/li>\n\n\n\n<li>Registro Mercantil:&nbsp;tomo 17075, folio 164, hoja M-292269 e inscripci\u00f3n 1;<\/li>\n\n\n\n<li>Objeto Principal:&nbsp;Publicitar y vender material prot\u00e9sico.<\/li>\n<\/ul>\n\n\n\n<p><\/p>\n\n\n\n<h3 class=\"wp-block-heading has-medium-font-size\" id=\"usuario-y-regimen-de-responsabilidades\">USUARIO Y R\u00c9GIMEN DE RESPONSABILIDADES<\/h3>\n\n\n\n<p class=\"has-small-font-size\">La navegaci\u00f3n, acceso y uso por el sitio web de GT-MEDICAL SL confiere la condici\u00f3n de usuario, por la que se aceptan, desde la navegaci\u00f3n por el sitio web de GT-MEDICAL SL, todas las condiciones de uso aqu\u00ed establecidas sin perjuicio de la aplicaci\u00f3n de la correspondiente normativa de obligado cumplimiento legal seg\u00fan el caso.<br>El sitio web de GT-MEDICAL SL proporciona gran diversidad de informaci\u00f3n, servicios y datos. El usuario asume su responsabilidad en el uso correcto del sitio web. Esta responsabilidad se extender\u00e1 a:<\/p>\n\n\n\n<ul class=\"wp-block-list\">\n<li>La veracidad y licitud de las informaciones aportadas por el usuario en los formularios extendidos por GT-MEDICAL SL para el acceso a ciertos contenidos o servicios ofrecidos por el web.<\/li>\n\n\n\n<li>El uso de la informaci\u00f3n, servicios y datos ofrecidos por GT-MEDICAL SL contrariamente a lo dispuesto por las presentes condiciones, la Ley, la moral, las buenas costumbres o el orden p\u00fablico, o que de cualquier otro modo puedan suponer lesi\u00f3n de los derechos de terceros o del mismo funcionamiento del sitio web.<\/li>\n<\/ul>\n\n\n\n<h3 class=\"wp-block-heading\" id=\"politica-de-enlaces-y-exenciones-de-responsabilidad\" style=\"font-size:15px\"><br><\/h3>\n\n\n\n<h3 class=\"wp-block-heading has-medium-font-size\" id=\"politica-de-enlaces-y-exenciones-de-responsabilidad\">POL\u00cdTICA DE ENLACES Y EXENCIONES DE RESPONSABILIDAD<\/h3>\n\n\n\n<p class=\"has-small-font-size\">GT-MEDICAL SL no se hace responsable del contenido de los sitios web a los que el usuario pueda acceder a trav\u00e9s de los enlaces establecidos en su sitio web y declara que en ning\u00fan caso proceder\u00e1 a examinar o ejercitar ning\u00fan tipo de control sobre el contenido de otros sitios de la red. Asimismo, tampoco garantizar\u00e1 la disponibilidad t\u00e9cnica, exactitud, veracidad, validez o legalidad de sitios ajenos a su propiedad a los que se pueda acceder por medio de los enlaces.<br>GT-MEDICAL SL declara haber adoptado todas las medidas necesarias para evitar cualquier da\u00f1o a los usuarios de su sitio web, que pudieran derivarse de la navegaci\u00f3n por su sitio web. En consecuencia, GT-MEDICAL SL no&nbsp;se hace responsable, en ning\u00fan caso, de los eventuales da\u00f1os que por la navegaci\u00f3n por Internet pudiera sufrir el usuario.<\/p>\n\n\n\n<h3 class=\"wp-block-heading\" id=\"modificaciones\" style=\"font-size:15px\"><br><\/h3>\n\n\n\n<h3 class=\"wp-block-heading has-medium-font-size\" id=\"modificaciones\">MODIFICACIONES<\/h3>\n\n\n\n<p class=\"has-small-font-size\">GT-MEDICAL SL se reserva el derecho a realizar las modificaciones que considere oportunas, sin aviso previo, en el contenido de su sitio web. Tanto en lo referente a los contenidos del sitio web, como en las condiciones de uso del mismo, o en las condiciones generales de contrataci\u00f3n. Dichas modificaciones podr\u00e1n realizarse a trav\u00e9s de su sitio web por cualquier forma admisible en derecho y ser\u00e1n de obligado cumplimiento durante el tiempo en que se encuentren publicadas en el web y hasta que no sean modificadas v\u00e1lidamente por otras posteriores.<\/p>\n\n\n\n<p><\/p>\n\n\n\n<p><\/p>\n\n\n\n<h3 class=\"wp-block-heading has-medium-font-size\" id=\"servicios-de-contratacion-por-internetciertos-contenidos-de-la-website-de-gt-medical-sl-contienen-la-posibilidad-de-contratacion-por-internet-el-uso-de-los-mismos-requerira-la-lectura-y-aceptacion-obligatoria-de-las-condiciones-generales-de-contratacion-establecidas-al-efecto-por-gt-medical-sl\">SERVICIOS DE CONTRATACI\u00d3N POR INTERNET<\/h3>\n\n\n\n<p class=\"has-small-font-size\" id=\"servicios-de-contratacion-por-internetciertos-contenidos-de-la-website-de-gt-medical-sl-contienen-la-posibilidad-de-contratacion-por-internet-el-uso-de-los-mismos-requerira-la-lectura-y-aceptacion-obligatoria-de-las-condiciones-generales-de-contratacion-establecidas-al-efecto-por-gt-medical-sl\">Ciertos contenidos de la website de GT-MEDICAL SL contienen la posibilidad de contrataci\u00f3n por Internet. El uso de los mismos requerir\u00e1 la lectura y aceptaci\u00f3n obligatoria de las condiciones generales de contrataci\u00f3n establecidas al efecto por GT-MEDICAL SL.<\/p>\n\n\n\n<h3 class=\"wp-block-heading\" id=\"propiedad-intelectual-e-industrial\" style=\"font-size:15px\"><br><\/h3>\n\n\n\n<h3 class=\"wp-block-heading has-medium-font-size\" id=\"propiedad-intelectual-e-industrial\">PROPIEDAD INTELECTUAL E INDUSTRIAL<\/h3>\n\n\n\n<p class=\"has-small-font-size\">GT-MEDICAL SL por s\u00ed misma o como cesionaria, es titular de todos los derechos de propiedad intelectual e industrial de su p\u00e1gina web, as\u00ed como de los elementos contenidos en la misma (a t\u00edtulo enunciativo, im\u00e1genes, sonido, audio, v\u00eddeo, software o textos; marcas o logotipos, combinaciones de colores, estructura y dise\u00f1o, selecci\u00f3n de materiales usados, programas de ordenador necesarios para su funcionamiento, acceso y uso, etc.), titularidad de GT-MEDICAL SL. Ser\u00e1n, por consiguiente, obras protegidas como propiedad intelectual por el ordenamiento jur\u00eddico espa\u00f1ol, si\u00e9ndoles aplicables tanto la normativa espa\u00f1ola y comunitaria en este campo, como los tratados internacionales relativos a la materia y suscritos por Espa\u00f1a.<br>Todos los derechos reservados. En virtud de lo dispuesto en los art\u00edculos 8 y 32.1, p\u00e1rrafo segundo, de la Ley de Propiedad Intelectual, quedan expresamente prohibidas la reproducci\u00f3n, la distribuci\u00f3n y la comunicaci\u00f3n p\u00fablica, incluida su modalidad de puesta a disposici\u00f3n, de la totalidad o parte de los contenidos de esta p\u00e1gina web, con fines comerciales, en cualquier soporte y por cualquier medio t\u00e9cnico, sin la autorizaci\u00f3n de GT-MEDICAL SL.<br>El usuario se compromete a respetar los derechos de Propiedad Intelectual e Industrial titularidad de GT-MEDICAL SL. Podr\u00e1 visualizar los elementos del portal e incluso imprimirlos, copiarlos y almacenarlos en el disco duro de su ordenador o en cualquier otro soporte f\u00edsico siempre y cuando sea, \u00fanica y exclusivamente, para su uso personal y privado. El usuario deber\u00e1 abstenerse de suprimir, alterar, eludir o manipular cualquier dispositivo de protecci\u00f3n o sistema de seguridad que estuviera instalado en las p\u00e1ginas de GT-MEDICAL SL.<\/p>\n\n\n\n<h3 class=\"wp-block-heading\" id=\"certificado-ssl-secure-sockets-layer\" style=\"font-size:15px\"><br><\/h3>\n\n\n\n<h3 class=\"wp-block-heading has-medium-font-size\" id=\"certificado-ssl-secure-sockets-layer\">CERTIFICADO SSL (SECURE SOCKETS LAYER)<\/h3>\n\n\n\n<p class=\"has-small-font-size\">El CERTIFICADO SSL proporciona autenticaci\u00f3n, privacidad y seguridad de la informaci\u00f3n entre GT-MEDICAL SL y el usuario.<br>GT-MEDICAL SL dispone de un certificado de seguridad que se utiliza por CERTIFICADO SSL para realizar conexiones seguras.<br>En este proceso se establecen varios par\u00e1metros para realizar la conexi\u00f3n de forma segura y se establece usando llaves preestablecidas, codificando y descodificando todos los datos enviados hasta que la conexi\u00f3n sea cerrada.<\/p>\n\n\n\n<h3 class=\"wp-block-heading\" id=\"acciones-legales-legislacion-aplicable-y-jurisdiccion\" style=\"font-size:15px\"><br><\/h3>\n\n\n\n<h3 class=\"wp-block-heading has-medium-font-size\" id=\"acciones-legales-legislacion-aplicable-y-jurisdiccion\">ACCIONES LEGALES, LEGISLACI\u00d3N APLICABLE Y JURISDICCI\u00d3N<\/h3>\n\n\n\n<p class=\"has-small-font-size\">GT-MEDICAL SL se reserva, asimismo, la facultad de presentar las acciones civiles o penales que considere oportunas por la utilizaci\u00f3n indebida de su sitio web y contenidos, o por el incumplimiento de las presentes condiciones.<br>La relaci\u00f3n entre el usuario y el prestador se regir\u00e1 por la normativa vigente y de aplicaci\u00f3n en el territorio espa\u00f1ol. De surgir cualquier controversia las partes podr\u00e1n someter sus conflictos a arbitraje o acudir a la jurisdicci\u00f3n ordinaria cumpliendo con las normas sobre jurisdicci\u00f3n y competencia al respecto. GT-MEDICAL SL tiene su domicilio en MADRID, Espa\u00f1a.<\/p>\n\n\n\n<p class=\"has-small-font-size\">Los contratos celebrados por v\u00eda electr\u00f3nica en los que intervenga como parte un consumidor se presumir\u00e1n celebrados en el lugar en que \u00e9ste tenga su residencia habitual.<br>Los contratos electr\u00f3nicos entre empresarios o profesionales, en defecto de pacto entre las partes, se presumir\u00e1n celebrados en el lugar en que est\u00e9 establecido el prestador de servicios.<br>Resoluci\u00f3n de litigios en l\u00ednea conforme al Art. 14.1 del Reglamento (UE) 524\/2013: La Comisi\u00f3n Europea facilita una plataforma de resoluci\u00f3n de litigios en l\u00ednea, la cual se encuentra disponible en el siguiente enlace: <a href=\"https:\/\/ec.europa.eu\/consumers\/odr\/\">https:\/\/ec.europa.eu\/consumers\/odr\/<\/a><\/p>\n\n\n\n<p><\/p>\n","protected":false},"excerpt":{"rendered":"<p>En cumplimiento de la Ley 34\/2002, de 11 de julio, de Servicios de la Sociedad de la Informaci\u00f3n y de Comercio Electr\u00f3nico (LSSI-CE), GT-MEDICAL SL informa que es titular del sitio web. De acuerdo con la exigencia del art\u00edculo 10 de la citada Ley, GT-MEDICAL SL informa de los siguientes datos: USUARIO Y R\u00c9GIMEN DE &#8230; <a class=\"more-link\" href=\"https:\/\/gt-medical.com\/tienda\/GTM\/CMS\/aviso-legal-es\/\">Continue reading<\/a><\/p>\n","protected":false},"author":1,"featured_media":0,"parent":0,"menu_order":0,"comment_status":"closed","ping_status":"closed","template":"template-blank-page.php","meta":{"footnotes":""},"class_list":["post-2","page","type-page","status-publish","hentry"],"yoast_head":"<!-- This site is optimized with the Yoast SEO plugin v18.1 - https:\/\/yoast.com\/wordpress\/plugins\/seo\/ -->\n<title>Aviso Legal - Corporativo<\/title>\n<meta name=\"robots\" content=\"noindex, follow, max-snippet:-1, max-image-preview:large, max-video-preview:-1\" \/>\n<meta property=\"og:locale\" content=\"es_ES\" \/>\n<meta property=\"og:type\" content=\"article\" \/>\n<meta property=\"og:title\" content=\"Aviso Legal - Corporativo\" \/>\n<meta property=\"og:description\" content=\"En cumplimiento de la Ley 34\/2002, de 11 de julio, de Servicios de la Sociedad de la Informaci\u00f3n y de Comercio Electr\u00f3nico (LSSI-CE), GT-MEDICAL SL informa que es titular del sitio web. De acuerdo con la exigencia del art\u00edculo 10 de la citada Ley, GT-MEDICAL SL informa de los siguientes datos: USUARIO Y R\u00c9GIMEN DE [&hellip;]\" \/>\n<meta property=\"og:url\" content=\"https:\/\/gt-medical.com\/tienda\/GTM\/CMS\/aviso-legal-es\/\" \/>\n<meta property=\"og:site_name\" content=\"Corporativo\" \/>\n<meta property=\"article:modified_time\" content=\"2025-03-18T07:03:48+00:00\" \/>\n<meta name=\"twitter:card\" content=\"summary_large_image\" \/>\n<meta name=\"twitter:label1\" content=\"Tiempo de lectura\" \/>\n\t<meta name=\"twitter:data1\" content=\"5 minutos\" \/>\n<script type=\"application\/ld+json\" class=\"yoast-schema-graph\">{\"@context\":\"https:\/\/schema.org\",\"@graph\":[{\"@type\":\"WebSite\",\"@id\":\"https:\/\/gt-medical.com\/tienda\/GTM\/CMS\/#website\",\"url\":\"https:\/\/gt-medical.com\/tienda\/GTM\/CMS\/\",\"name\":\"Corporativo\",\"description\":\"Implant &amp; Cad-Cam. Aditamentos Compatibles de alta calidad.\",\"potentialAction\":[{\"@type\":\"SearchAction\",\"target\":{\"@type\":\"EntryPoint\",\"urlTemplate\":\"https:\/\/gt-medical.com\/tienda\/GTM\/CMS\/?s={search_term_string}\"},\"query-input\":\"required name=search_term_string\"}],\"inLanguage\":\"es\"},{\"@type\":\"WebPage\",\"@id\":\"https:\/\/gt-medical.com\/tienda\/GTM\/CMS\/aviso-legal-es\/#webpage\",\"url\":\"https:\/\/gt-medical.com\/tienda\/GTM\/CMS\/aviso-legal-es\/\",\"name\":\"Aviso Legal - Corporativo\",\"isPartOf\":{\"@id\":\"https:\/\/gt-medical.com\/tienda\/GTM\/CMS\/#website\"},\"datePublished\":\"2022-02-15T12:02:14+00:00\",\"dateModified\":\"2025-03-18T07:03:48+00:00\",\"breadcrumb\":{\"@id\":\"https:\/\/gt-medical.com\/tienda\/GTM\/CMS\/aviso-legal-es\/#breadcrumb\"},\"inLanguage\":\"es\",\"potentialAction\":[{\"@type\":\"ReadAction\",\"target\":[\"https:\/\/gt-medical.com\/tienda\/GTM\/CMS\/aviso-legal-es\/\"]}]},{\"@type\":\"BreadcrumbList\",\"@id\":\"https:\/\/gt-medical.com\/tienda\/GTM\/CMS\/aviso-legal-es\/#breadcrumb\",\"itemListElement\":[{\"@type\":\"ListItem\",\"position\":1,\"name\":\"Portada\",\"item\":\"https:\/\/gt-medical.com\/tienda\/GTM\/CMS\/\"},{\"@type\":\"ListItem\",\"position\":2,\"name\":\"Aviso Legal\"}]}]}<\/script>\n<!-- \/ Yoast SEO plugin. -->","yoast_head_json":{"title":"Aviso Legal - Corporativo","robots":{"index":"noindex","follow":"follow","max-snippet":"max-snippet:-1","max-image-preview":"max-image-preview:large","max-video-preview":"max-video-preview:-1"},"og_locale":"es_ES","og_type":"article","og_title":"Aviso Legal - Corporativo","og_description":"En cumplimiento de la Ley 34\/2002, de 11 de julio, de Servicios de la Sociedad de la Informaci\u00f3n y de Comercio Electr\u00f3nico (LSSI-CE), GT-MEDICAL SL informa que es titular del sitio web. De acuerdo con la exigencia del art\u00edculo 10 de la citada Ley, GT-MEDICAL SL informa de los siguientes datos: USUARIO Y R\u00c9GIMEN DE [&hellip;]","og_url":"https:\/\/gt-medical.com\/tienda\/GTM\/CMS\/aviso-legal-es\/","og_site_name":"Corporativo","article_modified_time":"2025-03-18T07:03:48+00:00","twitter_card":"summary_large_image","twitter_misc":{"Tiempo de lectura":"5 minutos"},"schema":{"@context":"https:\/\/schema.org","@graph":[{"@type":"WebSite","@id":"https:\/\/gt-medical.com\/tienda\/GTM\/CMS\/#website","url":"https:\/\/gt-medical.com\/tienda\/GTM\/CMS\/","name":"Corporativo","description":"Implant &amp; Cad-Cam. Aditamentos Compatibles de alta calidad.","potentialAction":[{"@type":"SearchAction","target":{"@type":"EntryPoint","urlTemplate":"https:\/\/gt-medical.com\/tienda\/GTM\/CMS\/?s={search_term_string}"},"query-input":"required name=search_term_string"}],"inLanguage":"es"},{"@type":"WebPage","@id":"https:\/\/gt-medical.com\/tienda\/GTM\/CMS\/aviso-legal-es\/#webpage","url":"https:\/\/gt-medical.com\/tienda\/GTM\/CMS\/aviso-legal-es\/","name":"Aviso Legal - Corporativo","isPartOf":{"@id":"https:\/\/gt-medical.com\/tienda\/GTM\/CMS\/#website"},"datePublished":"2022-02-15T12:02:14+00:00","dateModified":"2025-03-18T07:03:48+00:00","breadcrumb":{"@id":"https:\/\/gt-medical.com\/tienda\/GTM\/CMS\/aviso-legal-es\/#breadcrumb"},"inLanguage":"es","potentialAction":[{"@type":"ReadAction","target":["https:\/\/gt-medical.com\/tienda\/GTM\/CMS\/aviso-legal-es\/"]}]},{"@type":"BreadcrumbList","@id":"https:\/\/gt-medical.com\/tienda\/GTM\/CMS\/aviso-legal-es\/#breadcrumb","itemListElement":[{"@type":"ListItem","position":1,"name":"Portada","item":"https:\/\/gt-medical.com\/tienda\/GTM\/CMS\/"},{"@type":"ListItem","position":2,"name":"Aviso Legal"}]}]}},"_links":{"self":[{"href":"https:\/\/gt-medical.com\/tienda\/GTM\/CMS\/wp-json\/wp\/v2\/pages\/2","targetHints":{"allow":["GET"]}}],"collection":[{"href":"https:\/\/gt-medical.com\/tienda\/GTM\/CMS\/wp-json\/wp\/v2\/pages"}],"about":[{"href":"https:\/\/gt-medical.com\/tienda\/GTM\/CMS\/wp-json\/wp\/v2\/types\/page"}],"author":[{"embeddable":true,"href":"https:\/\/gt-medical.com\/tienda\/GTM\/CMS\/wp-json\/wp\/v2\/users\/1"}],"replies":[{"embeddable":true,"href":"https:\/\/gt-medical.com\/tienda\/GTM\/CMS\/wp-json\/wp\/v2\/comments?post=2"}],"version-history":[{"count":14,"href":"https:\/\/gt-medical.com\/tienda\/GTM\/CMS\/wp-json\/wp\/v2\/pages\/2\/revisions"}],"predecessor-version":[{"id":1143,"href":"https:\/\/gt-medical.com\/tienda\/GTM\/CMS\/wp-json\/wp\/v2\/pages\/2\/revisions\/1143"}],"wp:attachment":[{"href":"https:\/\/gt-medical.com\/tienda\/GTM\/CMS\/wp-json\/wp\/v2\/media?parent=2"}],"curies":[{"name":"wp","href":"https:\/\/api.w.org\/{rel}","templated":true}]}}