{"id":14,"date":"2022-02-16T10:48:57","date_gmt":"2022-02-16T10:48:57","guid":{"rendered":"https:\/\/gt-medical.com\/tienda\/GTM\/CMS\/?page_id=14"},"modified":"2025-03-18T07:12:55","modified_gmt":"2025-03-18T07:12:55","slug":"politica-de-privacidad-es","status":"publish","type":"page","link":"https:\/\/gt-medical.com\/tienda\/GTM\/CMS\/politica-de-privacidad-es\/","title":{"rendered":"Pol\u00edtica de Privacidad"},"content":{"rendered":"\n<div style=\"height:63px\" aria-hidden=\"true\" class=\"wp-block-spacer\"><\/div>\n\n\n\n<h3 class=\"wp-block-heading has-medium-font-size\" id=\"proteccion-de-datos\">PROTECCI\u00d3N DE DATOS<\/h3>\n\n\n\n<p class=\"has-small-font-size\">De conformidad con la normativa vigente y aplicable en protecci\u00f3n de datos de car\u00e1cter personal, le informamos que sus datos ser\u00e1n incorporados al sistema de tratamiento titularidad de GT-MEDICAL SL con NIF B83143602 y domicilio social sito en CAMINO DE HORMIGUERAS, 122 BIS. 3\u00aa PLANTA. NAVES P1 Y P2. 28031 MADRID, y que a continuaci\u00f3n se relacionan sus respectivas finalidades, plazos de conservaci\u00f3n y bases legitimadoras. Para aquellos tratamientos que lo requieran, se informa tambi\u00e9n de la posible elaboraci\u00f3n de perfiles y decisiones automatizadas, as\u00ed como las posibles cesiones y las transferencias internacionales que GT-MEDICAL SL tiene previsto realizar:<\/p>\n\n\n\n<h3 class=\"wp-block-heading has-normal-font-size\" id=\"tratamientos-realizados\">Tratamientos realizados<\/h3>\n\n\n\n<ul class=\"wp-block-list\">\n<li><strong>Gesti\u00f3n de la p\u00e1gina web.<\/strong><br>Finalidad: Tratamiento y gesti\u00f3n de los datos necesarios para la funcionalidad de la p\u00e1gina web;<br>Plazo de conservaci\u00f3n: mientras perdure el consentimiento prestado;<br>Base leg\u00edtima: El consentimiento del interesado;<br>Tipolog\u00eda de Datos: Datos meramente identificativos;<br>Cesiones: No se prev\u00e9n;<br>Transferencias internacionales: No se prev\u00e9n;<br>Elaboraciones de perfiles: No se prev\u00e9n.<br><\/li>\n\n\n\n<li><strong>Formulario web.<\/strong><br>Finalidad: Atender sus consultas y\/o solicitudes;<br>Plazo de conservaci\u00f3n: mientras se mantenga el consentimiento prestado. Base leg\u00edtima: El consentimiento del interesado;<br>Tipolog\u00eda de Datos: Datos meramente identificativos;<br>Cesiones: Ninguna;<br>Transferencias internacionales: No se prev\u00e9n;<br>Elaboraciones de perfiles: No se prev\u00e9n.<br><\/li>\n\n\n\n<li><strong>Gesti\u00f3n del cumplimiento normativo.<\/strong><br>Finalidad: Gesti\u00f3n y tramitaci\u00f3n de las obligaciones y deberes que se deriven del cumplimiento de la normativa a la cual est\u00e1 sujeta la entidad;<br>Plazo de conservaci\u00f3n: conservaci\u00f3n de las copias de los documentos hasta que prescriban las acciones para reclamarle una posible responsabilidad;<br>Base leg\u00edtima: El cumplimiento de una ley;<br>Tipolog\u00eda de Datos: Datos meramente identificativos;<br>Cesiones: sus datos ser\u00e1n comunicados en caso de ser necesario a Organismos y\/o administraci\u00f3n p\u00fablica con competencia en la materia con la finalidad de cumplir con las obligaciones; establecidas en la normativa aplicable. Adem\u00e1s, se informa que la base legitimadora de la cesi\u00f3n es cumplir con las obligaciones establecidas en la normativa aplicable;<br>Transferencias internacionales: No se prev\u00e9n;<br>Elaboraciones de perfiles: No se prev\u00e9n.<br><\/li>\n\n\n\n<li><strong>Acciones Comerciales.<\/strong><br>Finalidad: Captaci\u00f3n, registro y tratamiento de datos con finalidades de publicidad y prospecci\u00f3n comercial de nuestros productos y\/o servicios;<br>Plazo de conservaci\u00f3n: mientras se mantenga el consentimiento prestado;<br>Base leg\u00edtima: El consentimiento del interesado;<br>Tipolog\u00eda de Datos: Datos meramente identificativos;<br>Cesiones: Ninguna;<br>Transferencias internacionales: No se prev\u00e9n;<br>Elaboraciones de perfiles: No se prev\u00e9n.<br><\/li>\n\n\n\n<li><strong>Registro de los usuarios.<\/strong><br>Finalidad: Captaci\u00f3n, registro y tratamiento de datos para poder registrarse como usuario Plazo de conservaci\u00f3n: mientras perdure el consentimiento prestado;<br>Base leg\u00edtima: El consentimiento del interesado;<br>Tipolog\u00eda de Datos: Datos meramente identificativos;<br>Cesiones: No se prev\u00e9n;<br>Transferencias internacionales: No se prev\u00e9n;<br>Elaboraciones de perfiles: No se prev\u00e9n.<br><\/li>\n\n\n\n<li><strong>Gesti\u00f3n de la compra.<\/strong><br>Finalidad: Captaci\u00f3n, registro y tratamiento de datos con la finalidad de gestionar su compra, as\u00ed como para el correcto desarrollo, cumplimiento y ejecuci\u00f3n del contrato entre ambas partes;<br>Plazo de conservaci\u00f3n: durante el plazo necesario para gestionar la compra de los productos o servicios adquiridos incluyendo posibles devoluciones, quejas o reclamaciones asociadas a la compra del producto o servicio en particular;<br>Base leg\u00edtima: La ejecuci\u00f3n de un contrato;<br>Tipolog\u00eda de Datos: Datos meramente identificativos;<br>Cesiones: sus datos podr\u00e1n ser comunicados en caso de ser necesario a empresas que subvencionen los concursos, premios y\/o promociones;<br>Transferencias internacionales: No se prev\u00e9n;<br>Elaboraciones de perfiles: No se prev\u00e9n.<br><\/li>\n\n\n\n<li><strong>Gesti\u00f3n econ\u00f3mica y administrativa.<\/strong><br>Finalidad: Gesti\u00f3n administrativa, facturaci\u00f3n, contabilidad y obligaciones legales;<br>Plazo de conservaci\u00f3n: 5 a\u00f1os en cumplimiento de la ley tributaria y 10 a\u00f1os la documentaci\u00f3n fiscal en cumplimiento de la L.O.7\/2012;<br>Base leg\u00edtima: El consentimiento del interesado;<br>Tipolog\u00eda de Datos: Datos meramente identificativos;<br>Cesiones: sus datos ser\u00e1n comunicados en caso de ser necesario a Agencia Tributaria, Bancos, Cajas y Organismos y\/o administraci\u00f3n p\u00fablica con competencia en la materia con la finalidad de cumplir con las obligaciones tributarias y fiscales establecidas en la normativa aplicable. Adem\u00e1s, se informa que la base legitimadora de la cesi\u00f3n es cumplir con las obligaciones establecidas en la normativa aplicable;<br>Transferencias internacionales: No se prev\u00e9n;<br>Elaboraciones de perfiles: No se prev\u00e9n.<br><\/li>\n<\/ul>\n\n\n\n<div style=\"height:100px\" aria-hidden=\"true\" class=\"wp-block-spacer\"><\/div>\n\n\n\n<h3 class=\"wp-block-heading has-medium-font-size\" id=\"derechos-de-los-interesados\">DERECHOS DE LOS INTERESADOS<\/h3>\n\n\n\n<p class=\"has-small-font-size\">GT-MEDICAL SL informa a los Usuarios que, podr\u00e1 ejercer los derechos de acceso, rectificaci\u00f3n, limitaci\u00f3n, supresi\u00f3n, portabilidad y oposici\u00f3n al tratamiento de sus datos de car\u00e1cter personal ante el Responsable del Tratamiento, as\u00ed como a la retirada del consentimiento prestado.<\/p>\n\n\n\n<ul class=\"wp-block-list\">\n<li><strong>Derecho de Acceso.<\/strong><br>Es el derecho del usuario a obtener informaci\u00f3n sobre sus datos concretos de car\u00e1cter personal y del tratamiento que se haya realizado o realice, as\u00ed como de la informaci\u00f3n disponible sobre el origen de dichos datos y las comunicaciones realizadas o previstas de los mismos.<br><\/li>\n\n\n\n<li><strong>Derecho de Rectificaci\u00f3n.<\/strong><br>Es el derecho del afectado a que se modifiquen los datos que resulten ser inexactos o incompletos. S\u00f3lo podr\u00e1 satisfacerse en relaci\u00f3n a aquella informaci\u00f3n que se encuentre bajo el control de GT-MEDICAL SL, por ejemplo, eliminar comentarios publicados en la propia p\u00e1gina, im\u00e1genes o contenidos web donde consten datos de car\u00e1cter personal del usuario.<br><\/li>\n\n\n\n<li><strong>Derecho a la Limitaci\u00f3n de tratamiento.<\/strong><br>Es el derecho a que se limiten los fines del tratamiento previstos de forma original por el responsable del tratamiento.<br><\/li>\n\n\n\n<li><strong>Derecho de Supresi\u00f3n.<\/strong><br>Es el derecho a suprimir los datos de car\u00e1cter personal del usuario, a excepci\u00f3n de lo previsto en el propio RGPD o en otras normativas aplicables que determinen la obligatoriedad de la conservaci\u00f3n de los mismos, en tiempo y forma.<br><\/li>\n\n\n\n<li><strong>Derecho de portabilidad.<\/strong><br>El derecho a recibir los datos personales que el usuario, haya facilitado, en un formato estructurado, de uso com\u00fan y lectura mec\u00e1nica, y a transmitirlos a otro responsable.<br><\/li>\n\n\n\n<li><strong>Derecho de Oposici\u00f3n.<\/strong><br>Es el derecho del usuario a que no se lleve a cabo el tratamiento de sus datos de car\u00e1cter personal o se cese el tratamiento de los mismos por parte de GT-MEDICAL SL.<\/li>\n<\/ul>\n\n\n\n<p class=\"has-small-font-size\">Para poder ejercer cualquiera de los derechos descritos anteriormente deber\u00e1 cumplir con los siguientes requisitos:<\/p>\n\n\n\n<ul class=\"wp-block-list\">\n<li>Presentaci\u00f3n de un escrito a la direcci\u00f3n CAMINO DE HORMIGUERAS, 122 BIS. 3\u00aa PLANTA. NAVES P1 Y P2. 28031 MADRID (a la atenci\u00f3n de GT-MEDICAL SL) o bien a trav\u00e9s del correo electr\u00f3nico <a href=\"mailto:info@gt-medical.com\">info@gt-medical.com<\/a>.<br><\/li>\n\n\n\n<li>El escrito remitido por el titular de los datos que solicite el ejercicio deber\u00e1 de cumplir los siguientes requisitos legales:\n<ul class=\"wp-block-list\">\n<li>Nombre, apellidos del interesado y copia del DNI\/NIE o cualquier documento identificativo. En los excepcionales casos en que se admita la representaci\u00f3n, ser\u00e1 tambi\u00e9n necesaria la identificaci\u00f3n por el mismo medio de la persona que le representa, as\u00ed como el documento acreditativo de la representaci\u00f3n. La fotocopia del DNI podr\u00e1 ser sustituida siempre que se acredite la identidad por cualquier otro medio v\u00e1lido en derecho.<\/li>\n\n\n\n<li>Petici\u00f3n en que se concreta la solicitud. (Ejercicio en el que se solicita la informaci\u00f3n a la que se quiere acceder). Si no hace referencia a un fichero concreto se le facilitar\u00e1 toda la informaci\u00f3n que se tenga con sus datos de car\u00e1cter personal. Si solicita informaci\u00f3n de un&nbsp;fichero en concreto, s\u00f3lo la informaci\u00f3n de este fichero. Si solicita informaci\u00f3n relativa a un tercero nunca se podr\u00e1 facilitar. Si lo solicita por tel\u00e9fono se le indicar\u00e1 que lo haga por escrito y se le informar\u00e1 de c\u00f3mo lo puede hacer y la direcci\u00f3n a la que tiene que enviarlo. Nunca se le dar\u00e1 informaci\u00f3n por tel\u00e9fono.\n<ul class=\"wp-block-list\">\n<li>Domicilio a efectos de notificaciones;<\/li>\n\n\n\n<li>Fecha y firma del solicitante;<\/li>\n\n\n\n<li>Documentos acreditativos de la petici\u00f3n que formula;<\/li>\n\n\n\n<li>El interesado debe utilizar cualquier medio que permita acreditar el env\u00edo y la recepci\u00f3n de la solicitud.<\/li>\n<\/ul>\n<\/li>\n<\/ul>\n<\/li>\n<\/ul>\n\n\n\n<p class=\"has-small-font-size\">Por \u00faltimo, le informamos que Usted tiene derecho a presentar una reclamaci\u00f3n ante la Agencia Espa\u00f1ola de Protecci\u00f3n de Datos en caso de que tenga conocimiento o considere que un hecho pueda suponer un incumplimiento de la normativa aplicable en materia de protecci\u00f3n de datos.<br>GT-MEDICAL SL se compromete a adoptar las medidas t\u00e9cnicas y organizativas necesarias, acorde al nivel de riesgos que acompa\u00f1an los tratamientos realizados por \u00e9stas e indicados en el apartado de los t\u00e9rminos y condiciones de uso, de forma que garanticen su integridad, confidencialidad y disponibilidad.<\/p>\n","protected":false},"excerpt":{"rendered":"<p>PROTECCI\u00d3N DE DATOS De conformidad con la normativa vigente y aplicable en protecci\u00f3n de datos de car\u00e1cter personal, le informamos que sus datos ser\u00e1n incorporados al sistema de tratamiento titularidad de GT-MEDICAL SL con NIF B83143602 y domicilio social sito en CAMINO DE HORMIGUERAS, 122 BIS. 3\u00aa PLANTA. NAVES P1 Y P2. 28031 MADRID, y &#8230; <a class=\"more-link\" href=\"https:\/\/gt-medical.com\/tienda\/GTM\/CMS\/politica-de-privacidad-es\/\">Continue reading<\/a><\/p>\n","protected":false},"author":1,"featured_media":0,"parent":0,"menu_order":0,"comment_status":"closed","ping_status":"closed","template":"template-blank-page.php","meta":{"footnotes":""},"class_list":["post-14","page","type-page","status-publish","hentry"],"yoast_head":"<!-- This site is optimized with the Yoast SEO plugin v18.1 - https:\/\/yoast.com\/wordpress\/plugins\/seo\/ -->\n<title>Pol\u00edtica de Privacidad - Corporativo<\/title>\n<meta name=\"robots\" content=\"noindex, follow, max-snippet:-1, max-image-preview:large, max-video-preview:-1\" \/>\n<meta property=\"og:locale\" content=\"es_ES\" \/>\n<meta property=\"og:type\" content=\"article\" \/>\n<meta property=\"og:title\" content=\"Pol\u00edtica de Privacidad - Corporativo\" \/>\n<meta property=\"og:description\" content=\"PROTECCI\u00d3N DE DATOS De conformidad con la normativa vigente y aplicable en protecci\u00f3n de datos de car\u00e1cter personal, le informamos que sus datos ser\u00e1n incorporados al sistema de tratamiento titularidad de GT-MEDICAL SL con NIF B83143602 y domicilio social sito en CAMINO DE HORMIGUERAS, 122 BIS. 3\u00aa PLANTA. NAVES P1 Y P2. 28031 MADRID, y [&hellip;]\" \/>\n<meta property=\"og:url\" content=\"https:\/\/gt-medical.com\/tienda\/GTM\/CMS\/politica-de-privacidad-es\/\" \/>\n<meta property=\"og:site_name\" content=\"Corporativo\" \/>\n<meta property=\"article:modified_time\" content=\"2025-03-18T07:12:55+00:00\" \/>\n<meta name=\"twitter:card\" content=\"summary_large_image\" \/>\n<meta name=\"twitter:label1\" content=\"Tiempo de lectura\" \/>\n\t<meta name=\"twitter:data1\" content=\"7 minutos\" \/>\n<script type=\"application\/ld+json\" class=\"yoast-schema-graph\">{\"@context\":\"https:\/\/schema.org\",\"@graph\":[{\"@type\":\"WebSite\",\"@id\":\"https:\/\/gt-medical.com\/tienda\/GTM\/CMS\/#website\",\"url\":\"https:\/\/gt-medical.com\/tienda\/GTM\/CMS\/\",\"name\":\"Corporativo\",\"description\":\"Implant &amp; Cad-Cam. Aditamentos Compatibles de alta calidad.\",\"potentialAction\":[{\"@type\":\"SearchAction\",\"target\":{\"@type\":\"EntryPoint\",\"urlTemplate\":\"https:\/\/gt-medical.com\/tienda\/GTM\/CMS\/?s={search_term_string}\"},\"query-input\":\"required name=search_term_string\"}],\"inLanguage\":\"es\"},{\"@type\":\"WebPage\",\"@id\":\"https:\/\/gt-medical.com\/tienda\/GTM\/CMS\/politica-de-privacidad-es\/#webpage\",\"url\":\"https:\/\/gt-medical.com\/tienda\/GTM\/CMS\/politica-de-privacidad-es\/\",\"name\":\"Pol\u00edtica de Privacidad - Corporativo\",\"isPartOf\":{\"@id\":\"https:\/\/gt-medical.com\/tienda\/GTM\/CMS\/#website\"},\"datePublished\":\"2022-02-16T10:48:57+00:00\",\"dateModified\":\"2025-03-18T07:12:55+00:00\",\"breadcrumb\":{\"@id\":\"https:\/\/gt-medical.com\/tienda\/GTM\/CMS\/politica-de-privacidad-es\/#breadcrumb\"},\"inLanguage\":\"es\",\"potentialAction\":[{\"@type\":\"ReadAction\",\"target\":[\"https:\/\/gt-medical.com\/tienda\/GTM\/CMS\/politica-de-privacidad-es\/\"]}]},{\"@type\":\"BreadcrumbList\",\"@id\":\"https:\/\/gt-medical.com\/tienda\/GTM\/CMS\/politica-de-privacidad-es\/#breadcrumb\",\"itemListElement\":[{\"@type\":\"ListItem\",\"position\":1,\"name\":\"Portada\",\"item\":\"https:\/\/gt-medical.com\/tienda\/GTM\/CMS\/\"},{\"@type\":\"ListItem\",\"position\":2,\"name\":\"Pol\u00edtica de Privacidad\"}]}]}<\/script>\n<!-- \/ Yoast SEO plugin. -->","yoast_head_json":{"title":"Pol\u00edtica de Privacidad - Corporativo","robots":{"index":"noindex","follow":"follow","max-snippet":"max-snippet:-1","max-image-preview":"max-image-preview:large","max-video-preview":"max-video-preview:-1"},"og_locale":"es_ES","og_type":"article","og_title":"Pol\u00edtica de Privacidad - Corporativo","og_description":"PROTECCI\u00d3N DE DATOS De conformidad con la normativa vigente y aplicable en protecci\u00f3n de datos de car\u00e1cter personal, le informamos que sus datos ser\u00e1n incorporados al sistema de tratamiento titularidad de GT-MEDICAL SL con NIF B83143602 y domicilio social sito en CAMINO DE HORMIGUERAS, 122 BIS. 3\u00aa PLANTA. NAVES P1 Y P2. 28031 MADRID, y [&hellip;]","og_url":"https:\/\/gt-medical.com\/tienda\/GTM\/CMS\/politica-de-privacidad-es\/","og_site_name":"Corporativo","article_modified_time":"2025-03-18T07:12:55+00:00","twitter_card":"summary_large_image","twitter_misc":{"Tiempo de lectura":"7 minutos"},"schema":{"@context":"https:\/\/schema.org","@graph":[{"@type":"WebSite","@id":"https:\/\/gt-medical.com\/tienda\/GTM\/CMS\/#website","url":"https:\/\/gt-medical.com\/tienda\/GTM\/CMS\/","name":"Corporativo","description":"Implant &amp; Cad-Cam. Aditamentos Compatibles de alta calidad.","potentialAction":[{"@type":"SearchAction","target":{"@type":"EntryPoint","urlTemplate":"https:\/\/gt-medical.com\/tienda\/GTM\/CMS\/?s={search_term_string}"},"query-input":"required name=search_term_string"}],"inLanguage":"es"},{"@type":"WebPage","@id":"https:\/\/gt-medical.com\/tienda\/GTM\/CMS\/politica-de-privacidad-es\/#webpage","url":"https:\/\/gt-medical.com\/tienda\/GTM\/CMS\/politica-de-privacidad-es\/","name":"Pol\u00edtica de Privacidad - Corporativo","isPartOf":{"@id":"https:\/\/gt-medical.com\/tienda\/GTM\/CMS\/#website"},"datePublished":"2022-02-16T10:48:57+00:00","dateModified":"2025-03-18T07:12:55+00:00","breadcrumb":{"@id":"https:\/\/gt-medical.com\/tienda\/GTM\/CMS\/politica-de-privacidad-es\/#breadcrumb"},"inLanguage":"es","potentialAction":[{"@type":"ReadAction","target":["https:\/\/gt-medical.com\/tienda\/GTM\/CMS\/politica-de-privacidad-es\/"]}]},{"@type":"BreadcrumbList","@id":"https:\/\/gt-medical.com\/tienda\/GTM\/CMS\/politica-de-privacidad-es\/#breadcrumb","itemListElement":[{"@type":"ListItem","position":1,"name":"Portada","item":"https:\/\/gt-medical.com\/tienda\/GTM\/CMS\/"},{"@type":"ListItem","position":2,"name":"Pol\u00edtica de Privacidad"}]}]}},"_links":{"self":[{"href":"https:\/\/gt-medical.com\/tienda\/GTM\/CMS\/wp-json\/wp\/v2\/pages\/14","targetHints":{"allow":["GET"]}}],"collection":[{"href":"https:\/\/gt-medical.com\/tienda\/GTM\/CMS\/wp-json\/wp\/v2\/pages"}],"about":[{"href":"https:\/\/gt-medical.com\/tienda\/GTM\/CMS\/wp-json\/wp\/v2\/types\/page"}],"author":[{"embeddable":true,"href":"https:\/\/gt-medical.com\/tienda\/GTM\/CMS\/wp-json\/wp\/v2\/users\/1"}],"replies":[{"embeddable":true,"href":"https:\/\/gt-medical.com\/tienda\/GTM\/CMS\/wp-json\/wp\/v2\/comments?post=14"}],"version-history":[{"count":10,"href":"https:\/\/gt-medical.com\/tienda\/GTM\/CMS\/wp-json\/wp\/v2\/pages\/14\/revisions"}],"predecessor-version":[{"id":1151,"href":"https:\/\/gt-medical.com\/tienda\/GTM\/CMS\/wp-json\/wp\/v2\/pages\/14\/revisions\/1151"}],"wp:attachment":[{"href":"https:\/\/gt-medical.com\/tienda\/GTM\/CMS\/wp-json\/wp\/v2\/media?parent=14"}],"curies":[{"name":"wp","href":"https:\/\/api.w.org\/{rel}","templated":true}]}}